{"id":2,"date":"2023-04-26T13:24:07","date_gmt":"2023-04-26T11:24:07","guid":{"rendered":"https:\/\/www.xn--radonmtningarbetsplats-54b.se\/?page_id=2"},"modified":"2024-11-05T09:03:11","modified_gmt":"2024-11-05T08:03:11","slug":"radonmatning-arbetsplats","status":"publish","type":"page","link":"https:\/\/www.xn--radonmtningarbetsplats-54b.se\/","title":{"rendered":"Radonm\u00e4tning Arbetsplats"},"content":{"rendered":"\n<div class=\"wp-block-cover alignwide\"><span aria-hidden=\"true\" class=\"wp-block-cover__background has-background-dim\"><\/span><img loading=\"lazy\" decoding=\"async\" width=\"1920\" height=\"1315\" class=\"wp-block-cover__image-background wp-image-72\" alt=\"\" src=\"https:\/\/www.xn--radonmtningarbetsplats-54b.se\/wp-content\/uploads\/2023\/05\/radonatwork.jpg\" data-object-fit=\"cover\" srcset=\"https:\/\/www.xn--radonmtningarbetsplats-54b.se\/wp-content\/uploads\/2023\/05\/radonatwork.jpg 1920w, https:\/\/www.xn--radonmtningarbetsplats-54b.se\/wp-content\/uploads\/2023\/05\/radonatwork-300x205.jpg 300w, https:\/\/www.xn--radonmtningarbetsplats-54b.se\/wp-content\/uploads\/2023\/05\/radonatwork-1024x701.jpg 1024w, https:\/\/www.xn--radonmtningarbetsplats-54b.se\/wp-content\/uploads\/2023\/05\/radonatwork-768x526.jpg 768w, https:\/\/www.xn--radonmtningarbetsplats-54b.se\/wp-content\/uploads\/2023\/05\/radonatwork-1536x1052.jpg 1536w, https:\/\/www.xn--radonmtningarbetsplats-54b.se\/wp-content\/uploads\/2023\/05\/radonatwork-1200x822.jpg 1200w\" sizes=\"auto, (max-width: 1920px) 100vw, 1920px\" \/><div class=\"wp-block-cover__inner-container is-layout-flow wp-block-cover-is-layout-flow\">\n<p class=\"has-text-align-center has-large-font-size\">P\u00e5 jobbet ska man k\u00e4nna sig trygg och s\u00e4ker!<\/p>\n<\/div><\/div>\n\n\n\n<p class=\"has-large-font-size\">Radonm\u00e4tning arbetsplats: Arbetsgivaren har ett ansvar att m\u00e4ta och vara medveten om radonhalten p\u00e5 arbetsplatsen samt vidta \u00e5tg\u00e4rder vid behov f\u00f6r att minska k\u00e4llan till radon och h\u00e5lla halten under den rekommenderade referensniv\u00e5n p\u00e5 200 bequerel per kubikmeter luft (Bq\/m\u00b3).<\/p>\n\n\n\n<p>L\u00e5ngvarig exponering av h\u00f6ga halter av radon \u00f6kar risken att utveckla lungcancer. Enligt uppgifter fr\u00e5n Folkh\u00e4lsomyndigheten leder radon till cirka 500 fall av lungcancer i Sverige varje \u00e5r och \u00e4r d\u00e4rmed den n\u00e4st vanligaste orsaken till lungcancer efter r\u00f6kning.<\/p>\n\n\n\n<p>Radon \u00e4r en naturligt f\u00f6rekommande radioaktiv gas som bildas n\u00e4r radium bryts ner. Den \u00e4r osynlig och saknar lukt. Radon \u00e4r allm\u00e4nt f\u00f6rekommande i berggrunden och l\u00e5ngvarig exponering f\u00f6r h\u00f6ga halter av gasen \u00f6kar risken f\u00f6r lungcancer. Det g\u00f6r radon till den n\u00e4st vanligaste orsaken till lungcancer efter r\u00f6kning.<\/p>\n\n\n\n<figure class=\"wp-block-image size-large\"><img loading=\"lazy\" decoding=\"async\" width=\"1024\" height=\"683\" src=\"https:\/\/www.xn--radonmtningarbetsplats-54b.se\/wp-content\/uploads\/2023\/05\/radonmatningar-office-1024x683.jpg\" alt=\"Radonm\u00e4tning arbetsplats\" class=\"wp-image-77\" srcset=\"https:\/\/www.xn--radonmtningarbetsplats-54b.se\/wp-content\/uploads\/2023\/05\/radonmatningar-office-1024x683.jpg 1024w, https:\/\/www.xn--radonmtningarbetsplats-54b.se\/wp-content\/uploads\/2023\/05\/radonmatningar-office-300x200.jpg 300w, https:\/\/www.xn--radonmtningarbetsplats-54b.se\/wp-content\/uploads\/2023\/05\/radonmatningar-office-768x512.jpg 768w, https:\/\/www.xn--radonmtningarbetsplats-54b.se\/wp-content\/uploads\/2023\/05\/radonmatningar-office-1536x1024.jpg 1536w, https:\/\/www.xn--radonmtningarbetsplats-54b.se\/wp-content\/uploads\/2023\/05\/radonmatningar-office-1200x800.jpg 1200w, https:\/\/www.xn--radonmtningarbetsplats-54b.se\/wp-content\/uploads\/2023\/05\/radonmatningar-office.jpg 1920w\" sizes=\"auto, (max-width: 1024px) 100vw, 1024px\" \/><\/figure>\n\n\n\n<p>Den enda s\u00e4ttet att uppt\u00e4cka radon \u00e4r genom m\u00e4tning. F\u00f6r att m\u00e4ta radon p\u00e5 en arbetsplats rekommenderas det att utf\u00f6ra m\u00e4tningar under minst tv\u00e5 m\u00e5nader mellan perioden 1 oktober och 30 april, vilket motsvarar eldningss\u00e4songen. Om \u00e5rsmedelv\u00e4rdet av radonhalten under arbetstid \u00f6verstiger den nationella referensniv\u00e5n p\u00e5 200 Bq\/m\u00b3, \u00e4r det arbetsgivarens ansvar att vidta \u00e5tg\u00e4rder f\u00f6r att minska den.<\/p>\n\n\n\n<p>Det \u00e4r enkelt att sj\u00e4lv genomf\u00f6ra en <a href=\"https:\/\/radonm\u00e4tning.se\/produkt\/radonmatning-arbetsplatser\/\" target=\"_blank\" rel=\"noreferrer noopener\">radonm\u00e4tning p\u00e5 arbetsplatsen<\/a>:<\/p>\n\n\n\n<ol class=\"wp-block-list\">\n<li>Best\u00e4ll sp\u00e5rfilmdosor fr\u00e5n ett ackrediterat f\u00f6retag. <\/li>\n\n\n\n<li>F\u00f6lj metodbeskrivningen f\u00f6r radonm\u00e4tning p\u00e5 arbetsplatser fr\u00e5n Str\u00e5ls\u00e4kerhetsmyndigheten.<\/li>\n\n\n\n<li>Placera ut radonm\u00e4tarna enligt angivna instruktioner och riktlinjer.<\/li>\n\n\n\n<li>Utf\u00f6r m\u00e4tningen under minst 60 dagar, vilket motsvarar perioden 1 oktober till 30 april (eldningss\u00e4songen).<\/li>\n\n\n\n<li>Skicka tillbaka dosorna f\u00f6r analys. <\/li>\n\n\n\n<li>Inv\u00e4nta resultat. Det brukar ta cirka en vecka.<\/li>\n<\/ol>\n\n\n\n<p>Vid uppt\u00e4ckt av en radonhalt som \u00f6verstiger referensniv\u00e5n p\u00e5 arbetsplatsen m\u00e5ste \u00e5tg\u00e4rder vidtas. Efter att \u00e5tg\u00e4rderna har genomf\u00f6rts, b\u00f6r en ny kontrollm\u00e4tning utf\u00f6ras f\u00f6r att s\u00e4kerst\u00e4lla att \u00e5tg\u00e4rderna har varit effektiva och att halterna har minskat under riktv\u00e4rdet. Om radonhalten p\u00e5 arbetsplatser fortfarande \u00f6verstiger 200 Bq\/m\u00b3 trots vidtagna \u00e5tg\u00e4rder, ska det rapporteras till Str\u00e5ls\u00e4kerhetsmyndigheten. Arbetsmilj\u00f6verket har det \u00f6vergripande tillsynsansvaret f\u00f6r radon p\u00e5 arbetsplatser och \u00e4r ansvarig f\u00f6r att arbetsgivaren vidtar \u00e5tg\u00e4rder f\u00f6r att begr\u00e4nsa exponeringen f\u00f6r radon fram tills dess att \u00e5tg\u00e4rderna har genomf\u00f6rts.<\/p>\n\n\n\n<p>Fr\u00e5n och med den 1 oktober 2021 har en ny och f\u00f6rb\u00e4ttrad metodbeskrivning f\u00f6r m\u00e4tning av radon p\u00e5 arbetsplatser tr\u00e4tt i kraft. Denna uppdaterade metodbeskrivning ers\u00e4tter den tidigare versionen fr\u00e5n 2004 och syftar till att f\u00f6rb\u00e4ttra precisionen och tillf\u00f6rlitligheten i radonm\u00e4tningar.<\/p>\n\n\n\n<h2 class=\"wp-block-heading\"><strong>Radonm\u00e4tning p\u00e5 arbetsplats: Trygghet och s\u00e4kerhet f\u00f6r alla!<\/strong><\/h2>\n\n\n\n<p><strong>P\u00e5 jobbet ska man kunna k\u00e4nna sig trygg och s\u00e4ker.<\/strong> D\u00e4rf\u00f6r \u00e4r det viktigt att arbetsgivaren m\u00e4ter radonhalten p\u00e5 arbetsplatsen och vidtar \u00e5tg\u00e4rder om den \u00f6verstiger den rekommenderade niv\u00e5n.<\/p>\n\n\n\n<p><strong>Radon \u00e4r en osynlig gas som kan vara farlig<\/strong> om man uts\u00e4tts f\u00f6r den under en l\u00e4ngre tid. Den goda nyheten \u00e4r att det \u00e4r enkelt att m\u00e4ta radon och att det finns \u00e5tg\u00e4rder man kan vidta f\u00f6r att s\u00e4nka halten.<\/p>\n\n\n\n<p><strong>Hur g\u00f6r man en radonm\u00e4tning p\u00e5 arbetsplatsen?<\/strong><\/p>\n\n\n\n<ul class=\"wp-block-list\">\n<li>Best\u00e4ll ackrediterade sp\u00e5rfilmdosor.<\/li>\n\n\n\n<li>F\u00f6lj Str\u00e5ls\u00e4kerhetsmyndighetens metodbeskrivning.<\/li>\n\n\n\n<li>Placera ut dosorna under minst 60 dagar under eldningss\u00e4songen (1 oktober &#8211; 30 april).<\/li>\n\n\n\n<li>Skicka tillbaka dosorna f\u00f6r analys.<\/li>\n\n\n\n<li>F\u00e5 resultat och vidta \u00e5tg\u00e4rder om radonhalten \u00e4r f\u00f6r h\u00f6g.<\/li>\n<\/ul>\n\n\n\n<p><strong>Arbetsgivaren ansvarar f\u00f6r att:<\/strong><\/p>\n\n\n\n<ul class=\"wp-block-list\">\n<li>M\u00e4ta radonhalten.<\/li>\n\n\n\n<li>Vidta \u00e5tg\u00e4rder om radonhalten \u00e4r f\u00f6r h\u00f6g.<\/li>\n\n\n\n<li>Anm\u00e4la radonhalten till Str\u00e5ls\u00e4kerhetsmyndigheten om den \u00f6verstiger 200 Bq\/m\u00b3.<\/li>\n<\/ul>\n\n\n\n<p><strong>Tillsammans kan vi skapa en trygg och s\u00e4ker arbetsmilj\u00f6 f\u00f6r alla!<\/strong><\/p>\n","protected":false},"excerpt":{"rendered":"<p>Radonm\u00e4tning arbetsplats: Arbetsgivaren har ett ansvar att m\u00e4ta och vara medveten om radonhalten p\u00e5 arbetsplatsen samt vidta \u00e5tg\u00e4rder vid behov f\u00f6r att minska k\u00e4llan till radon och h\u00e5lla halten under den rekommenderade referensniv\u00e5n p\u00e5 200 bequerel per kubikmeter luft (Bq\/m\u00b3). L\u00e5ngvarig exponering av h\u00f6ga halter av radon \u00f6kar risken att utveckla lungcancer. Enligt uppgifter fr\u00e5n [&hellip;]<\/p>\n","protected":false},"author":3,"featured_media":0,"parent":0,"menu_order":0,"comment_status":"closed","ping_status":"closed","template":"","meta":{"footnotes":""},"class_list":["post-2","page","type-page","status-publish","hentry"],"yoast_head":"<!-- This site is optimized with the Yoast SEO plugin v27.3 - https:\/\/yoast.com\/product\/yoast-seo-wordpress\/ -->\n<title>Radonm\u00e4tning Arbetsplats - Radonm\u00e4tning Arbetsplats<\/title>\n<meta name=\"description\" content=\"Radonm\u00e4tning arbetsplats: Arbetsgivaren har ett ansvar att m\u00e4ta och vara medveten om radonhalten p\u00e5 arbetsplatsen.\" \/>\n<meta name=\"robots\" content=\"index, follow, max-snippet:-1, max-image-preview:large, max-video-preview:-1\" \/>\n<link rel=\"canonical\" href=\"https:\/\/www.xn--radonmtningarbetsplats-54b.se\/\" \/>\n<meta property=\"og:locale\" content=\"sv_SE\" \/>\n<meta property=\"og:type\" content=\"article\" \/>\n<meta property=\"og:title\" content=\"Radonm\u00e4tning Arbetsplats - Radonm\u00e4tning Arbetsplats\" \/>\n<meta property=\"og:description\" content=\"Radonm\u00e4tning arbetsplats: Arbetsgivaren har ett ansvar att m\u00e4ta och vara medveten om radonhalten p\u00e5 arbetsplatsen.\" \/>\n<meta property=\"og:url\" content=\"https:\/\/www.xn--radonmtningarbetsplats-54b.se\/\" \/>\n<meta property=\"og:site_name\" content=\"Radonm\u00e4tning Arbetsplats\" \/>\n<meta property=\"article:modified_time\" content=\"2024-11-05T08:03:11+00:00\" \/>\n<meta property=\"og:image\" content=\"https:\/\/www.xn--radonmtningarbetsplats-54b.se\/wp-content\/uploads\/2023\/05\/radonatwork.jpg\" \/>\n\t<meta property=\"og:image:width\" content=\"1920\" \/>\n\t<meta property=\"og:image:height\" content=\"1315\" \/>\n\t<meta property=\"og:image:type\" content=\"image\/jpeg\" \/>\n<meta name=\"twitter:card\" content=\"summary_large_image\" \/>\n<meta name=\"twitter:label1\" content=\"Ber\u00e4knad l\u00e4stid\" \/>\n\t<meta name=\"twitter:data1\" content=\"4 minuter\" \/>\n<script type=\"application\/ld+json\" class=\"yoast-schema-graph\">{\"@context\":\"https:\\\/\\\/schema.org\",\"@graph\":[{\"@type\":\"WebPage\",\"@id\":\"https:\\\/\\\/www.xn--radonmtningarbetsplats-54b.se\\\/\",\"url\":\"https:\\\/\\\/www.xn--radonmtningarbetsplats-54b.se\\\/\",\"name\":\"Radonm\u00e4tning Arbetsplats - Radonm\u00e4tning Arbetsplats\",\"isPartOf\":{\"@id\":\"https:\\\/\\\/www.xn--radonmtningarbetsplats-54b.se\\\/#website\"},\"primaryImageOfPage\":{\"@id\":\"https:\\\/\\\/www.xn--radonmtningarbetsplats-54b.se\\\/#primaryimage\"},\"image\":{\"@id\":\"https:\\\/\\\/www.xn--radonmtningarbetsplats-54b.se\\\/#primaryimage\"},\"thumbnailUrl\":\"https:\\\/\\\/www.xn--radonmtningarbetsplats-54b.se\\\/wp-content\\\/uploads\\\/2023\\\/05\\\/radonatwork.jpg\",\"datePublished\":\"2023-04-26T11:24:07+00:00\",\"dateModified\":\"2024-11-05T08:03:11+00:00\",\"description\":\"Radonm\u00e4tning arbetsplats: Arbetsgivaren har ett ansvar att m\u00e4ta och vara medveten om radonhalten p\u00e5 arbetsplatsen.\",\"breadcrumb\":{\"@id\":\"https:\\\/\\\/www.xn--radonmtningarbetsplats-54b.se\\\/#breadcrumb\"},\"inLanguage\":\"sv-SE\",\"potentialAction\":[{\"@type\":\"ReadAction\",\"target\":[\"https:\\\/\\\/www.xn--radonmtningarbetsplats-54b.se\\\/\"]}]},{\"@type\":\"ImageObject\",\"inLanguage\":\"sv-SE\",\"@id\":\"https:\\\/\\\/www.xn--radonmtningarbetsplats-54b.se\\\/#primaryimage\",\"url\":\"https:\\\/\\\/www.xn--radonmtningarbetsplats-54b.se\\\/wp-content\\\/uploads\\\/2023\\\/05\\\/radonatwork.jpg\",\"contentUrl\":\"https:\\\/\\\/www.xn--radonmtningarbetsplats-54b.se\\\/wp-content\\\/uploads\\\/2023\\\/05\\\/radonatwork.jpg\",\"width\":1920,\"height\":1315},{\"@type\":\"BreadcrumbList\",\"@id\":\"https:\\\/\\\/www.xn--radonmtningarbetsplats-54b.se\\\/#breadcrumb\",\"itemListElement\":[{\"@type\":\"ListItem\",\"position\":1,\"name\":\"Hem\",\"item\":\"https:\\\/\\\/www.xn--radonmtningarbetsplats-54b.se\\\/\"},{\"@type\":\"ListItem\",\"position\":2,\"name\":\"Radonm\u00e4tning Arbetsplats\"}]},{\"@type\":\"WebSite\",\"@id\":\"https:\\\/\\\/www.xn--radonmtningarbetsplats-54b.se\\\/#website\",\"url\":\"https:\\\/\\\/www.xn--radonmtningarbetsplats-54b.se\\\/\",\"name\":\"Radonm\u00e4tning Arbetsplats\",\"description\":\"\",\"potentialAction\":[{\"@type\":\"SearchAction\",\"target\":{\"@type\":\"EntryPoint\",\"urlTemplate\":\"https:\\\/\\\/www.xn--radonmtningarbetsplats-54b.se\\\/?s={search_term_string}\"},\"query-input\":{\"@type\":\"PropertyValueSpecification\",\"valueRequired\":true,\"valueName\":\"search_term_string\"}}],\"inLanguage\":\"sv-SE\"}]}<\/script>\n<!-- \/ Yoast SEO plugin. -->","yoast_head_json":{"title":"Radonm\u00e4tning Arbetsplats - Radonm\u00e4tning Arbetsplats","description":"Radonm\u00e4tning arbetsplats: Arbetsgivaren har ett ansvar att m\u00e4ta och vara medveten om radonhalten p\u00e5 arbetsplatsen.","robots":{"index":"index","follow":"follow","max-snippet":"max-snippet:-1","max-image-preview":"max-image-preview:large","max-video-preview":"max-video-preview:-1"},"canonical":"https:\/\/www.xn--radonmtningarbetsplats-54b.se\/","og_locale":"sv_SE","og_type":"article","og_title":"Radonm\u00e4tning Arbetsplats - Radonm\u00e4tning Arbetsplats","og_description":"Radonm\u00e4tning arbetsplats: Arbetsgivaren har ett ansvar att m\u00e4ta och vara medveten om radonhalten p\u00e5 arbetsplatsen.","og_url":"https:\/\/www.xn--radonmtningarbetsplats-54b.se\/","og_site_name":"Radonm\u00e4tning Arbetsplats","article_modified_time":"2024-11-05T08:03:11+00:00","og_image":[{"width":1920,"height":1315,"url":"https:\/\/www.xn--radonmtningarbetsplats-54b.se\/wp-content\/uploads\/2023\/05\/radonatwork.jpg","type":"image\/jpeg"}],"twitter_card":"summary_large_image","twitter_misc":{"Ber\u00e4knad l\u00e4stid":"4 minuter"},"schema":{"@context":"https:\/\/schema.org","@graph":[{"@type":"WebPage","@id":"https:\/\/www.xn--radonmtningarbetsplats-54b.se\/","url":"https:\/\/www.xn--radonmtningarbetsplats-54b.se\/","name":"Radonm\u00e4tning Arbetsplats - Radonm\u00e4tning Arbetsplats","isPartOf":{"@id":"https:\/\/www.xn--radonmtningarbetsplats-54b.se\/#website"},"primaryImageOfPage":{"@id":"https:\/\/www.xn--radonmtningarbetsplats-54b.se\/#primaryimage"},"image":{"@id":"https:\/\/www.xn--radonmtningarbetsplats-54b.se\/#primaryimage"},"thumbnailUrl":"https:\/\/www.xn--radonmtningarbetsplats-54b.se\/wp-content\/uploads\/2023\/05\/radonatwork.jpg","datePublished":"2023-04-26T11:24:07+00:00","dateModified":"2024-11-05T08:03:11+00:00","description":"Radonm\u00e4tning arbetsplats: Arbetsgivaren har ett ansvar att m\u00e4ta och vara medveten om radonhalten p\u00e5 arbetsplatsen.","breadcrumb":{"@id":"https:\/\/www.xn--radonmtningarbetsplats-54b.se\/#breadcrumb"},"inLanguage":"sv-SE","potentialAction":[{"@type":"ReadAction","target":["https:\/\/www.xn--radonmtningarbetsplats-54b.se\/"]}]},{"@type":"ImageObject","inLanguage":"sv-SE","@id":"https:\/\/www.xn--radonmtningarbetsplats-54b.se\/#primaryimage","url":"https:\/\/www.xn--radonmtningarbetsplats-54b.se\/wp-content\/uploads\/2023\/05\/radonatwork.jpg","contentUrl":"https:\/\/www.xn--radonmtningarbetsplats-54b.se\/wp-content\/uploads\/2023\/05\/radonatwork.jpg","width":1920,"height":1315},{"@type":"BreadcrumbList","@id":"https:\/\/www.xn--radonmtningarbetsplats-54b.se\/#breadcrumb","itemListElement":[{"@type":"ListItem","position":1,"name":"Hem","item":"https:\/\/www.xn--radonmtningarbetsplats-54b.se\/"},{"@type":"ListItem","position":2,"name":"Radonm\u00e4tning Arbetsplats"}]},{"@type":"WebSite","@id":"https:\/\/www.xn--radonmtningarbetsplats-54b.se\/#website","url":"https:\/\/www.xn--radonmtningarbetsplats-54b.se\/","name":"Radonm\u00e4tning Arbetsplats","description":"","potentialAction":[{"@type":"SearchAction","target":{"@type":"EntryPoint","urlTemplate":"https:\/\/www.xn--radonmtningarbetsplats-54b.se\/?s={search_term_string}"},"query-input":{"@type":"PropertyValueSpecification","valueRequired":true,"valueName":"search_term_string"}}],"inLanguage":"sv-SE"}]}},"jetpack_sharing_enabled":true,"_links":{"self":[{"href":"https:\/\/www.xn--radonmtningarbetsplats-54b.se\/index.php?rest_route=\/wp\/v2\/pages\/2","targetHints":{"allow":["GET"]}}],"collection":[{"href":"https:\/\/www.xn--radonmtningarbetsplats-54b.se\/index.php?rest_route=\/wp\/v2\/pages"}],"about":[{"href":"https:\/\/www.xn--radonmtningarbetsplats-54b.se\/index.php?rest_route=\/wp\/v2\/types\/page"}],"author":[{"embeddable":true,"href":"https:\/\/www.xn--radonmtningarbetsplats-54b.se\/index.php?rest_route=\/wp\/v2\/users\/3"}],"replies":[{"embeddable":true,"href":"https:\/\/www.xn--radonmtningarbetsplats-54b.se\/index.php?rest_route=%2Fwp%2Fv2%2Fcomments&post=2"}],"version-history":[{"count":22,"href":"https:\/\/www.xn--radonmtningarbetsplats-54b.se\/index.php?rest_route=\/wp\/v2\/pages\/2\/revisions"}],"predecessor-version":[{"id":102,"href":"https:\/\/www.xn--radonmtningarbetsplats-54b.se\/index.php?rest_route=\/wp\/v2\/pages\/2\/revisions\/102"}],"wp:attachment":[{"href":"https:\/\/www.xn--radonmtningarbetsplats-54b.se\/index.php?rest_route=%2Fwp%2Fv2%2Fmedia&parent=2"}],"curies":[{"name":"wp","href":"https:\/\/api.w.org\/{rel}","templated":true}]}}